{"id":15,"date":"2020-08-14T08:20:03","date_gmt":"2020-08-14T08:20:03","guid":{"rendered":"http:\/\/www.vizyonsedir.com.tr\/?page_id=15"},"modified":"2020-09-25T20:40:33","modified_gmt":"2020-09-25T20:40:33","slug":"hakkimizda","status":"publish","type":"page","link":"http:\/\/www.vizyonsedir.com.tr\/?page_id=15","title":{"rendered":"Hakk\u0131m\u0131zda"},"content":{"rendered":"\n<p>Vizyon Mobilya 20 y\u0131l\u0131n vermi\u015f oldu\u011fu tecr\u00fcbe ve ba\u015far\u0131l\u0131 politikas\u0131yla en kaliteli \u00fcr\u00fcn\u00fc hizmeti vermeye devam etmektedir.<br>Ki\u015filerin de\u011fi\u015fen ihtiya\u00e7lar\u0131 do\u011frultusunda her zaman esnek, \u00f6nc\u00fc ve yarat\u0131c\u0131 \u00e7\u00f6z\u00fcmleri ile ya\u015famlara de\u011fer katan Vizyon Mobilya, rahat\u0131 ve huzuru her zaman \u00f6n planda tutan bir anlay\u0131\u015fla sizlere kaliteyi ucuza ya\u015fatmay\u0131 hedefliyor.<\/p>\n\n\n\n<p><\/p>\n\n\n\n<p><br>V\u0130ZYONUMUZ, M\u0130SYONUMUZ;<br>Vizyonumuz;<br>Perakende Sedir ve Mobilyada Konya\u2019n\u0131n ve \u0130\u00e7 Anadolu\u2019nun t\u00fctetim lideri olmak.<\/p>\n\n\n\n<p><br>Misyonumuz;<br>M\u00fc\u015fterilerin ihtiya\u00e7lar\u0131na en uygun ve kaliteli \u00fcr\u00fcn\u00fc sunarak Konya\u2019n\u0131n sedir sekt\u00f6r\u00fcnde ilkleri aras\u0131nda yer almak.<\/p>\n\n\n\n<p><\/p>\n\n\n\n<p><br>KAL\u0130TE ANLAYI\u015eIMIZ;<br>\u2022M\u00fc\u015fterilerimizin ihtiya\u00e7 ve beklentilerini kar\u015f\u0131layacak \u00fcr\u00fcnleri ve hizmetleri; ilgili standartlara uygun \u015fekilde sunarak,<br>\u2022Rekabet ortam\u0131na ba\u011fl\u0131 kalarak,<br>\u2022\u00c7evre duyarl\u0131l\u0131\u011f\u0131na ba\u011fl\u0131 olarak,<br>\u2022S\u00fcrekli iyile\u015ftirmeye a\u00e7\u0131k bir anlay\u0131\u015f\u0131 benimseyerek,<br>Olu\u015fturmay\u0131 ve s\u00fcrd\u00fcrmeyi garanti ederiz.<\/p>\n","protected":false},"excerpt":{"rendered":"<p>Vizyon Mobilya 20 y\u0131l\u0131n vermi\u015f oldu\u011fu tecr\u00fcbe ve ba\u015far\u0131l\u0131 politikas\u0131yla en kaliteli \u00fcr\u00fcn\u00fc hizmeti vermeye devam etmektedir.Ki\u015filerin de\u011fi\u015fen ihtiya\u00e7lar\u0131 do\u011frultusunda her zaman esnek, \u00f6nc\u00fc ve yarat\u0131c\u0131 \u00e7\u00f6z\u00fcmleri ile ya\u015famlara de\u011fer katan Vizyon Mobilya, rahat\u0131 ve huzuru her zaman \u00f6n planda tutan bir anlay\u0131\u015fla sizlere kaliteyi ucuza ya\u015fatmay\u0131 hedefliyor. V\u0130ZYONUMUZ, M\u0130SYONUMUZ;Vizyonumuz;Perakende Sedir ve Mobilyada Konya\u2019n\u0131n ve &hellip; <\/p>\n<p class=\"link-more\"><a href=\"http:\/\/www.vizyonsedir.com.tr\/?page_id=15\" class=\"more-link\">Okumaya devam et<span class=\"screen-reader-text\"> &#8220;Hakk\u0131m\u0131zda&#8221;<\/span><\/a><\/p>\n","protected":false},"author":1,"featured_media":146,"parent":0,"menu_order":0,"comment_status":"closed","ping_status":"closed","template":"","meta":[],"_links":{"self":[{"href":"http:\/\/www.vizyonsedir.com.tr\/index.php?rest_route=\/wp\/v2\/pages\/15"}],"collection":[{"href":"http:\/\/www.vizyonsedir.com.tr\/index.php?rest_route=\/wp\/v2\/pages"}],"about":[{"href":"http:\/\/www.vizyonsedir.com.tr\/index.php?rest_route=\/wp\/v2\/types\/page"}],"author":[{"embeddable":true,"href":"http:\/\/www.vizyonsedir.com.tr\/index.php?rest_route=\/wp\/v2\/users\/1"}],"replies":[{"embeddable":true,"href":"http:\/\/www.vizyonsedir.com.tr\/index.php?rest_route=%2Fwp%2Fv2%2Fcomments&post=15"}],"version-history":[{"count":2,"href":"http:\/\/www.vizyonsedir.com.tr\/index.php?rest_route=\/wp\/v2\/pages\/15\/revisions"}],"predecessor-version":[{"id":50,"href":"http:\/\/www.vizyonsedir.com.tr\/index.php?rest_route=\/wp\/v2\/pages\/15\/revisions\/50"}],"wp:featuredmedia":[{"embeddable":true,"href":"http:\/\/www.vizyonsedir.com.tr\/index.php?rest_route=\/wp\/v2\/media\/146"}],"wp:attachment":[{"href":"http:\/\/www.vizyonsedir.com.tr\/index.php?rest_route=%2Fwp%2Fv2%2Fmedia&parent=15"}],"curies":[{"name":"wp","href":"https:\/\/api.w.org\/{rel}","templated":true}]}}