{"id":79,"date":"2020-09-24T12:35:31","date_gmt":"2020-09-24T12:35:31","guid":{"rendered":"http:\/\/www.vizyonsedir.com.tr\/?page_id=79"},"modified":"2020-09-25T22:13:00","modified_gmt":"2020-09-25T22:13:00","slug":"islemeli-sedir","status":"publish","type":"page","link":"http:\/\/www.vizyonsedir.com.tr\/?page_id=79","title":{"rendered":"\u0130\u015eLEMEL\u0130 SED\u0130R"},"content":{"rendered":"\n<div class=\"wp-block-group\"><div class=\"wp-block-group__inner-container\">\n<figure class=\"wp-block-gallery columns-3 is-cropped\"><ul class=\"blocks-gallery-grid\"><li class=\"blocks-gallery-item\"><figure><a href=\"http:\/\/www.vizyonsedir.com.tr\/wp-content\/uploads\/2020\/09\/WhatsApp-Image-2020-08-26-at-20.17.54-1.jpg\"><img loading=\"lazy\" width=\"300\" height=\"225\" src=\"http:\/\/www.vizyonsedir.com.tr\/wp-content\/uploads\/2020\/09\/WhatsApp-Image-2020-08-26-at-20.17.54-1-300x225.jpg\" alt=\"\" data-id=\"80\" data-full-url=\"http:\/\/www.vizyonsedir.com.tr\/wp-content\/uploads\/2020\/09\/WhatsApp-Image-2020-08-26-at-20.17.54-1.jpg\" data-link=\"http:\/\/www.vizyonsedir.com.tr\/?attachment_id=80\" class=\"wp-image-80\" srcset=\"http:\/\/www.vizyonsedir.com.tr\/wp-content\/uploads\/2020\/09\/WhatsApp-Image-2020-08-26-at-20.17.54-1-300x225.jpg 300w, http:\/\/www.vizyonsedir.com.tr\/wp-content\/uploads\/2020\/09\/WhatsApp-Image-2020-08-26-at-20.17.54-1-1024x768.jpg 1024w, http:\/\/www.vizyonsedir.com.tr\/wp-content\/uploads\/2020\/09\/WhatsApp-Image-2020-08-26-at-20.17.54-1-768x576.jpg 768w, http:\/\/www.vizyonsedir.com.tr\/wp-content\/uploads\/2020\/09\/WhatsApp-Image-2020-08-26-at-20.17.54-1-1536x1152.jpg 1536w, http:\/\/www.vizyonsedir.com.tr\/wp-content\/uploads\/2020\/09\/WhatsApp-Image-2020-08-26-at-20.17.54-1.jpg 1600w\" sizes=\"(max-width: 300px) 100vw, 300px\" \/><\/a><\/figure><\/li><li class=\"blocks-gallery-item\"><figure><a href=\"http:\/\/www.vizyonsedir.com.tr\/wp-content\/uploads\/2020\/09\/WhatsApp-Image-2020-08-26-at-20.17.54.jpg\"><img loading=\"lazy\" width=\"300\" height=\"169\" src=\"http:\/\/www.vizyonsedir.com.tr\/wp-content\/uploads\/2020\/09\/WhatsApp-Image-2020-08-26-at-20.17.54-300x169.jpg\" alt=\"\" data-id=\"81\" data-full-url=\"http:\/\/www.vizyonsedir.com.tr\/wp-content\/uploads\/2020\/09\/WhatsApp-Image-2020-08-26-at-20.17.54.jpg\" data-link=\"http:\/\/www.vizyonsedir.com.tr\/?attachment_id=81\" class=\"wp-image-81\" srcset=\"http:\/\/www.vizyonsedir.com.tr\/wp-content\/uploads\/2020\/09\/WhatsApp-Image-2020-08-26-at-20.17.54-300x169.jpg 300w, http:\/\/www.vizyonsedir.com.tr\/wp-content\/uploads\/2020\/09\/WhatsApp-Image-2020-08-26-at-20.17.54-1024x576.jpg 1024w, http:\/\/www.vizyonsedir.com.tr\/wp-content\/uploads\/2020\/09\/WhatsApp-Image-2020-08-26-at-20.17.54-768x432.jpg 768w, http:\/\/www.vizyonsedir.com.tr\/wp-content\/uploads\/2020\/09\/WhatsApp-Image-2020-08-26-at-20.17.54-1536x864.jpg 1536w, http:\/\/www.vizyonsedir.com.tr\/wp-content\/uploads\/2020\/09\/WhatsApp-Image-2020-08-26-at-20.17.54.jpg 1600w\" sizes=\"(max-width: 300px) 100vw, 300px\" \/><\/a><\/figure><\/li><li class=\"blocks-gallery-item\"><figure><a href=\"http:\/\/www.vizyonsedir.com.tr\/wp-content\/uploads\/2020\/09\/WhatsApp-Image-2020-08-26-at-20.17.55-1.jpg\"><img loading=\"lazy\" width=\"300\" height=\"169\" src=\"http:\/\/www.vizyonsedir.com.tr\/wp-content\/uploads\/2020\/09\/WhatsApp-Image-2020-08-26-at-20.17.55-1-300x169.jpg\" alt=\"\" data-id=\"82\" data-full-url=\"http:\/\/www.vizyonsedir.com.tr\/wp-content\/uploads\/2020\/09\/WhatsApp-Image-2020-08-26-at-20.17.55-1.jpg\" data-link=\"http:\/\/www.vizyonsedir.com.tr\/?attachment_id=82\" class=\"wp-image-82\" srcset=\"http:\/\/www.vizyonsedir.com.tr\/wp-content\/uploads\/2020\/09\/WhatsApp-Image-2020-08-26-at-20.17.55-1-300x169.jpg 300w, http:\/\/www.vizyonsedir.com.tr\/wp-content\/uploads\/2020\/09\/WhatsApp-Image-2020-08-26-at-20.17.55-1-1024x576.jpg 1024w, http:\/\/www.vizyonsedir.com.tr\/wp-content\/uploads\/2020\/09\/WhatsApp-Image-2020-08-26-at-20.17.55-1-768x432.jpg 768w, http:\/\/www.vizyonsedir.com.tr\/wp-content\/uploads\/2020\/09\/WhatsApp-Image-2020-08-26-at-20.17.55-1-1536x864.jpg 1536w, http:\/\/www.vizyonsedir.com.tr\/wp-content\/uploads\/2020\/09\/WhatsApp-Image-2020-08-26-at-20.17.55-1.jpg 1600w\" sizes=\"(max-width: 300px) 100vw, 300px\" \/><\/a><\/figure><\/li><li class=\"blocks-gallery-item\"><figure><a href=\"http:\/\/www.vizyonsedir.com.tr\/wp-content\/uploads\/2020\/09\/WhatsApp-Image-2020-08-26-at-20.17.55-2.jpg\"><img loading=\"lazy\" width=\"300\" height=\"169\" src=\"http:\/\/www.vizyonsedir.com.tr\/wp-content\/uploads\/2020\/09\/WhatsApp-Image-2020-08-26-at-20.17.55-2-300x169.jpg\" alt=\"\" data-id=\"83\" data-full-url=\"http:\/\/www.vizyonsedir.com.tr\/wp-content\/uploads\/2020\/09\/WhatsApp-Image-2020-08-26-at-20.17.55-2.jpg\" data-link=\"http:\/\/www.vizyonsedir.com.tr\/?attachment_id=83\" class=\"wp-image-83\" srcset=\"http:\/\/www.vizyonsedir.com.tr\/wp-content\/uploads\/2020\/09\/WhatsApp-Image-2020-08-26-at-20.17.55-2-300x169.jpg 300w, http:\/\/www.vizyonsedir.com.tr\/wp-content\/uploads\/2020\/09\/WhatsApp-Image-2020-08-26-at-20.17.55-2-1024x576.jpg 1024w, http:\/\/www.vizyonsedir.com.tr\/wp-content\/uploads\/2020\/09\/WhatsApp-Image-2020-08-26-at-20.17.55-2-768x432.jpg 768w, http:\/\/www.vizyonsedir.com.tr\/wp-content\/uploads\/2020\/09\/WhatsApp-Image-2020-08-26-at-20.17.55-2.jpg 1280w\" sizes=\"(max-width: 300px) 100vw, 300px\" \/><\/a><\/figure><\/li><li class=\"blocks-gallery-item\"><figure><a href=\"http:\/\/www.vizyonsedir.com.tr\/wp-content\/uploads\/2020\/09\/WhatsApp-Image-2020-08-26-at-20.17.55.jpg\"><img loading=\"lazy\" width=\"300\" height=\"169\" src=\"http:\/\/www.vizyonsedir.com.tr\/wp-content\/uploads\/2020\/09\/WhatsApp-Image-2020-08-26-at-20.17.55-300x169.jpg\" alt=\"\" data-id=\"84\" data-full-url=\"http:\/\/www.vizyonsedir.com.tr\/wp-content\/uploads\/2020\/09\/WhatsApp-Image-2020-08-26-at-20.17.55.jpg\" data-link=\"http:\/\/www.vizyonsedir.com.tr\/?attachment_id=84\" class=\"wp-image-84\" srcset=\"http:\/\/www.vizyonsedir.com.tr\/wp-content\/uploads\/2020\/09\/WhatsApp-Image-2020-08-26-at-20.17.55-300x169.jpg 300w, http:\/\/www.vizyonsedir.com.tr\/wp-content\/uploads\/2020\/09\/WhatsApp-Image-2020-08-26-at-20.17.55-1024x576.jpg 1024w, http:\/\/www.vizyonsedir.com.tr\/wp-content\/uploads\/2020\/09\/WhatsApp-Image-2020-08-26-at-20.17.55-768x432.jpg 768w, http:\/\/www.vizyonsedir.com.tr\/wp-content\/uploads\/2020\/09\/WhatsApp-Image-2020-08-26-at-20.17.55-1536x864.jpg 1536w, http:\/\/www.vizyonsedir.com.tr\/wp-content\/uploads\/2020\/09\/WhatsApp-Image-2020-08-26-at-20.17.55.jpg 1600w\" sizes=\"(max-width: 300px) 100vw, 300px\" \/><\/a><\/figure><\/li><li class=\"blocks-gallery-item\"><figure><a href=\"http:\/\/www.vizyonsedir.com.tr\/wp-content\/uploads\/2020\/09\/WhatsApp-Image-2020-08-26-at-20.17.56-1.jpg\"><img loading=\"lazy\" width=\"300\" height=\"169\" src=\"http:\/\/www.vizyonsedir.com.tr\/wp-content\/uploads\/2020\/09\/WhatsApp-Image-2020-08-26-at-20.17.56-1-300x169.jpg\" alt=\"\" data-id=\"85\" data-full-url=\"http:\/\/www.vizyonsedir.com.tr\/wp-content\/uploads\/2020\/09\/WhatsApp-Image-2020-08-26-at-20.17.56-1.jpg\" data-link=\"http:\/\/www.vizyonsedir.com.tr\/?attachment_id=85\" class=\"wp-image-85\" srcset=\"http:\/\/www.vizyonsedir.com.tr\/wp-content\/uploads\/2020\/09\/WhatsApp-Image-2020-08-26-at-20.17.56-1-300x169.jpg 300w, http:\/\/www.vizyonsedir.com.tr\/wp-content\/uploads\/2020\/09\/WhatsApp-Image-2020-08-26-at-20.17.56-1-1024x576.jpg 1024w, http:\/\/www.vizyonsedir.com.tr\/wp-content\/uploads\/2020\/09\/WhatsApp-Image-2020-08-26-at-20.17.56-1-768x432.jpg 768w, http:\/\/www.vizyonsedir.com.tr\/wp-content\/uploads\/2020\/09\/WhatsApp-Image-2020-08-26-at-20.17.56-1-1536x864.jpg 1536w, http:\/\/www.vizyonsedir.com.tr\/wp-content\/uploads\/2020\/09\/WhatsApp-Image-2020-08-26-at-20.17.56-1.jpg 1600w\" sizes=\"(max-width: 300px) 100vw, 300px\" \/><\/a><\/figure><\/li><li class=\"blocks-gallery-item\"><figure><a href=\"http:\/\/www.vizyonsedir.com.tr\/wp-content\/uploads\/2020\/09\/WhatsApp-Image-2020-08-26-at-20.17.56-2.jpg\"><img loading=\"lazy\" width=\"300\" height=\"225\" src=\"http:\/\/www.vizyonsedir.com.tr\/wp-content\/uploads\/2020\/09\/WhatsApp-Image-2020-08-26-at-20.17.56-2-300x225.jpg\" alt=\"\" data-id=\"86\" data-full-url=\"http:\/\/www.vizyonsedir.com.tr\/wp-content\/uploads\/2020\/09\/WhatsApp-Image-2020-08-26-at-20.17.56-2.jpg\" data-link=\"http:\/\/www.vizyonsedir.com.tr\/?attachment_id=86\" class=\"wp-image-86\" srcset=\"http:\/\/www.vizyonsedir.com.tr\/wp-content\/uploads\/2020\/09\/WhatsApp-Image-2020-08-26-at-20.17.56-2-300x225.jpg 300w, http:\/\/www.vizyonsedir.com.tr\/wp-content\/uploads\/2020\/09\/WhatsApp-Image-2020-08-26-at-20.17.56-2-1024x768.jpg 1024w, http:\/\/www.vizyonsedir.com.tr\/wp-content\/uploads\/2020\/09\/WhatsApp-Image-2020-08-26-at-20.17.56-2-768x576.jpg 768w, http:\/\/www.vizyonsedir.com.tr\/wp-content\/uploads\/2020\/09\/WhatsApp-Image-2020-08-26-at-20.17.56-2.jpg 1440w\" sizes=\"(max-width: 300px) 100vw, 300px\" \/><\/a><\/figure><\/li><li class=\"blocks-gallery-item\"><figure><a href=\"http:\/\/www.vizyonsedir.com.tr\/wp-content\/uploads\/2020\/09\/WhatsApp-Image-2020-08-26-at-20.17.56.jpg\"><img loading=\"lazy\" width=\"225\" height=\"300\" src=\"http:\/\/www.vizyonsedir.com.tr\/wp-content\/uploads\/2020\/09\/WhatsApp-Image-2020-08-26-at-20.17.56-225x300.jpg\" alt=\"\" data-id=\"87\" data-full-url=\"http:\/\/www.vizyonsedir.com.tr\/wp-content\/uploads\/2020\/09\/WhatsApp-Image-2020-08-26-at-20.17.56.jpg\" data-link=\"http:\/\/www.vizyonsedir.com.tr\/?attachment_id=87\" class=\"wp-image-87\" srcset=\"http:\/\/www.vizyonsedir.com.tr\/wp-content\/uploads\/2020\/09\/WhatsApp-Image-2020-08-26-at-20.17.56-225x300.jpg 225w, http:\/\/www.vizyonsedir.com.tr\/wp-content\/uploads\/2020\/09\/WhatsApp-Image-2020-08-26-at-20.17.56-768x1024.jpg 768w, http:\/\/www.vizyonsedir.com.tr\/wp-content\/uploads\/2020\/09\/WhatsApp-Image-2020-08-26-at-20.17.56-1152x1536.jpg 1152w, http:\/\/www.vizyonsedir.com.tr\/wp-content\/uploads\/2020\/09\/WhatsApp-Image-2020-08-26-at-20.17.56.jpg 1200w\" sizes=\"(max-width: 225px) 100vw, 225px\" \/><\/a><\/figure><\/li><li class=\"blocks-gallery-item\"><figure><a href=\"http:\/\/www.vizyonsedir.com.tr\/wp-content\/uploads\/2020\/09\/WhatsApp-Image-2020-08-26-at-20.17.57-1.jpg\"><img loading=\"lazy\" width=\"300\" height=\"225\" src=\"http:\/\/www.vizyonsedir.com.tr\/wp-content\/uploads\/2020\/09\/WhatsApp-Image-2020-08-26-at-20.17.57-1-300x225.jpg\" alt=\"\" data-id=\"88\" data-full-url=\"http:\/\/www.vizyonsedir.com.tr\/wp-content\/uploads\/2020\/09\/WhatsApp-Image-2020-08-26-at-20.17.57-1.jpg\" data-link=\"http:\/\/www.vizyonsedir.com.tr\/?attachment_id=88\" class=\"wp-image-88\" srcset=\"http:\/\/www.vizyonsedir.com.tr\/wp-content\/uploads\/2020\/09\/WhatsApp-Image-2020-08-26-at-20.17.57-1-300x225.jpg 300w, http:\/\/www.vizyonsedir.com.tr\/wp-content\/uploads\/2020\/09\/WhatsApp-Image-2020-08-26-at-20.17.57-1-768x576.jpg 768w, http:\/\/www.vizyonsedir.com.tr\/wp-content\/uploads\/2020\/09\/WhatsApp-Image-2020-08-26-at-20.17.57-1.jpg 960w\" sizes=\"(max-width: 300px) 100vw, 300px\" \/><\/a><\/figure><\/li><li class=\"blocks-gallery-item\"><figure><a href=\"http:\/\/www.vizyonsedir.com.tr\/wp-content\/uploads\/2020\/09\/WhatsApp-Image-2020-08-26-at-20.17.57.jpg\"><img loading=\"lazy\" width=\"300\" height=\"225\" src=\"http:\/\/www.vizyonsedir.com.tr\/wp-content\/uploads\/2020\/09\/WhatsApp-Image-2020-08-26-at-20.17.57-300x225.jpg\" alt=\"\" data-id=\"89\" data-full-url=\"http:\/\/www.vizyonsedir.com.tr\/wp-content\/uploads\/2020\/09\/WhatsApp-Image-2020-08-26-at-20.17.57.jpg\" data-link=\"http:\/\/www.vizyonsedir.com.tr\/?attachment_id=89\" class=\"wp-image-89\" srcset=\"http:\/\/www.vizyonsedir.com.tr\/wp-content\/uploads\/2020\/09\/WhatsApp-Image-2020-08-26-at-20.17.57-300x225.jpg 300w, http:\/\/www.vizyonsedir.com.tr\/wp-content\/uploads\/2020\/09\/WhatsApp-Image-2020-08-26-at-20.17.57-768x576.jpg 768w, http:\/\/www.vizyonsedir.com.tr\/wp-content\/uploads\/2020\/09\/WhatsApp-Image-2020-08-26-at-20.17.57.jpg 960w\" sizes=\"(max-width: 300px) 100vw, 300px\" \/><\/a><\/figure><\/li><li class=\"blocks-gallery-item\"><figure><a href=\"http:\/\/www.vizyonsedir.com.tr\/wp-content\/uploads\/2020\/09\/WhatsApp-Image-2020-08-26-at-20.17.58-1.jpg\"><img loading=\"lazy\" width=\"300\" height=\"225\" src=\"http:\/\/www.vizyonsedir.com.tr\/wp-content\/uploads\/2020\/09\/WhatsApp-Image-2020-08-26-at-20.17.58-1-300x225.jpg\" alt=\"\" data-id=\"90\" data-full-url=\"http:\/\/www.vizyonsedir.com.tr\/wp-content\/uploads\/2020\/09\/WhatsApp-Image-2020-08-26-at-20.17.58-1.jpg\" data-link=\"http:\/\/www.vizyonsedir.com.tr\/?attachment_id=90\" class=\"wp-image-90\" srcset=\"http:\/\/www.vizyonsedir.com.tr\/wp-content\/uploads\/2020\/09\/WhatsApp-Image-2020-08-26-at-20.17.58-1-300x225.jpg 300w, http:\/\/www.vizyonsedir.com.tr\/wp-content\/uploads\/2020\/09\/WhatsApp-Image-2020-08-26-at-20.17.58-1-1024x768.jpg 1024w, http:\/\/www.vizyonsedir.com.tr\/wp-content\/uploads\/2020\/09\/WhatsApp-Image-2020-08-26-at-20.17.58-1-768x576.jpg 768w, http:\/\/www.vizyonsedir.com.tr\/wp-content\/uploads\/2020\/09\/WhatsApp-Image-2020-08-26-at-20.17.58-1-1536x1152.jpg 1536w, http:\/\/www.vizyonsedir.com.tr\/wp-content\/uploads\/2020\/09\/WhatsApp-Image-2020-08-26-at-20.17.58-1.jpg 1600w\" sizes=\"(max-width: 300px) 100vw, 300px\" \/><\/a><\/figure><\/li><li class=\"blocks-gallery-item\"><figure><a href=\"http:\/\/www.vizyonsedir.com.tr\/wp-content\/uploads\/2020\/09\/WhatsApp-Image-2020-08-26-at-20.17.58-2.jpg\"><img loading=\"lazy\" width=\"300\" height=\"169\" src=\"http:\/\/www.vizyonsedir.com.tr\/wp-content\/uploads\/2020\/09\/WhatsApp-Image-2020-08-26-at-20.17.58-2-300x169.jpg\" alt=\"\" data-id=\"91\" data-full-url=\"http:\/\/www.vizyonsedir.com.tr\/wp-content\/uploads\/2020\/09\/WhatsApp-Image-2020-08-26-at-20.17.58-2.jpg\" data-link=\"http:\/\/www.vizyonsedir.com.tr\/?attachment_id=91\" class=\"wp-image-91\" srcset=\"http:\/\/www.vizyonsedir.com.tr\/wp-content\/uploads\/2020\/09\/WhatsApp-Image-2020-08-26-at-20.17.58-2-300x169.jpg 300w, http:\/\/www.vizyonsedir.com.tr\/wp-content\/uploads\/2020\/09\/WhatsApp-Image-2020-08-26-at-20.17.58-2-1024x576.jpg 1024w, http:\/\/www.vizyonsedir.com.tr\/wp-content\/uploads\/2020\/09\/WhatsApp-Image-2020-08-26-at-20.17.58-2-768x432.jpg 768w, http:\/\/www.vizyonsedir.com.tr\/wp-content\/uploads\/2020\/09\/WhatsApp-Image-2020-08-26-at-20.17.58-2-1536x864.jpg 1536w, http:\/\/www.vizyonsedir.com.tr\/wp-content\/uploads\/2020\/09\/WhatsApp-Image-2020-08-26-at-20.17.58-2.jpg 1600w\" sizes=\"(max-width: 300px) 100vw, 300px\" \/><\/a><\/figure><\/li><li class=\"blocks-gallery-item\"><figure><a href=\"http:\/\/www.vizyonsedir.com.tr\/wp-content\/uploads\/2020\/09\/WhatsApp-Image-2020-08-26-at-20.17.58.jpg\"><img loading=\"lazy\" width=\"300\" height=\"300\" src=\"http:\/\/www.vizyonsedir.com.tr\/wp-content\/uploads\/2020\/09\/WhatsApp-Image-2020-08-26-at-20.17.58-300x300.jpg\" alt=\"\" data-id=\"92\" data-full-url=\"http:\/\/www.vizyonsedir.com.tr\/wp-content\/uploads\/2020\/09\/WhatsApp-Image-2020-08-26-at-20.17.58.jpg\" data-link=\"http:\/\/www.vizyonsedir.com.tr\/?attachment_id=92\" class=\"wp-image-92\" srcset=\"http:\/\/www.vizyonsedir.com.tr\/wp-content\/uploads\/2020\/09\/WhatsApp-Image-2020-08-26-at-20.17.58-300x300.jpg 300w, http:\/\/www.vizyonsedir.com.tr\/wp-content\/uploads\/2020\/09\/WhatsApp-Image-2020-08-26-at-20.17.58-1024x1024.jpg 1024w, http:\/\/www.vizyonsedir.com.tr\/wp-content\/uploads\/2020\/09\/WhatsApp-Image-2020-08-26-at-20.17.58-150x150.jpg 150w, http:\/\/www.vizyonsedir.com.tr\/wp-content\/uploads\/2020\/09\/WhatsApp-Image-2020-08-26-at-20.17.58-768x768.jpg 768w, http:\/\/www.vizyonsedir.com.tr\/wp-content\/uploads\/2020\/09\/WhatsApp-Image-2020-08-26-at-20.17.58-1536x1536.jpg 1536w, http:\/\/www.vizyonsedir.com.tr\/wp-content\/uploads\/2020\/09\/WhatsApp-Image-2020-08-26-at-20.17.58-100x100.jpg 100w, http:\/\/www.vizyonsedir.com.tr\/wp-content\/uploads\/2020\/09\/WhatsApp-Image-2020-08-26-at-20.17.58.jpg 1600w\" sizes=\"(max-width: 300px) 100vw, 300px\" \/><\/a><\/figure><\/li><li class=\"blocks-gallery-item\"><figure><a href=\"http:\/\/www.vizyonsedir.com.tr\/wp-content\/uploads\/2020\/09\/WhatsApp-Image-2020-08-26-at-20.17.59-1.jpg\"><img loading=\"lazy\" width=\"300\" height=\"169\" src=\"http:\/\/www.vizyonsedir.com.tr\/wp-content\/uploads\/2020\/09\/WhatsApp-Image-2020-08-26-at-20.17.59-1-300x169.jpg\" alt=\"\" data-id=\"93\" data-full-url=\"http:\/\/www.vizyonsedir.com.tr\/wp-content\/uploads\/2020\/09\/WhatsApp-Image-2020-08-26-at-20.17.59-1.jpg\" data-link=\"http:\/\/www.vizyonsedir.com.tr\/?attachment_id=93\" class=\"wp-image-93\" srcset=\"http:\/\/www.vizyonsedir.com.tr\/wp-content\/uploads\/2020\/09\/WhatsApp-Image-2020-08-26-at-20.17.59-1-300x169.jpg 300w, http:\/\/www.vizyonsedir.com.tr\/wp-content\/uploads\/2020\/09\/WhatsApp-Image-2020-08-26-at-20.17.59-1-1024x576.jpg 1024w, http:\/\/www.vizyonsedir.com.tr\/wp-content\/uploads\/2020\/09\/WhatsApp-Image-2020-08-26-at-20.17.59-1-768x432.jpg 768w, http:\/\/www.vizyonsedir.com.tr\/wp-content\/uploads\/2020\/09\/WhatsApp-Image-2020-08-26-at-20.17.59-1-1536x864.jpg 1536w, http:\/\/www.vizyonsedir.com.tr\/wp-content\/uploads\/2020\/09\/WhatsApp-Image-2020-08-26-at-20.17.59-1.jpg 1600w\" sizes=\"(max-width: 300px) 100vw, 300px\" \/><\/a><\/figure><\/li><li class=\"blocks-gallery-item\"><figure><a href=\"http:\/\/www.vizyonsedir.com.tr\/wp-content\/uploads\/2020\/09\/WhatsApp-Image-2020-08-26-at-20.17.59-2.jpg\"><img loading=\"lazy\" width=\"300\" height=\"169\" src=\"http:\/\/www.vizyonsedir.com.tr\/wp-content\/uploads\/2020\/09\/WhatsApp-Image-2020-08-26-at-20.17.59-2-300x169.jpg\" alt=\"\" data-id=\"94\" data-full-url=\"http:\/\/www.vizyonsedir.com.tr\/wp-content\/uploads\/2020\/09\/WhatsApp-Image-2020-08-26-at-20.17.59-2.jpg\" data-link=\"http:\/\/www.vizyonsedir.com.tr\/?attachment_id=94\" class=\"wp-image-94\" srcset=\"http:\/\/www.vizyonsedir.com.tr\/wp-content\/uploads\/2020\/09\/WhatsApp-Image-2020-08-26-at-20.17.59-2-300x169.jpg 300w, http:\/\/www.vizyonsedir.com.tr\/wp-content\/uploads\/2020\/09\/WhatsApp-Image-2020-08-26-at-20.17.59-2-1024x576.jpg 1024w, http:\/\/www.vizyonsedir.com.tr\/wp-content\/uploads\/2020\/09\/WhatsApp-Image-2020-08-26-at-20.17.59-2-768x432.jpg 768w, http:\/\/www.vizyonsedir.com.tr\/wp-content\/uploads\/2020\/09\/WhatsApp-Image-2020-08-26-at-20.17.59-2-1536x864.jpg 1536w, http:\/\/www.vizyonsedir.com.tr\/wp-content\/uploads\/2020\/09\/WhatsApp-Image-2020-08-26-at-20.17.59-2.jpg 1600w\" sizes=\"(max-width: 300px) 100vw, 300px\" \/><\/a><\/figure><\/li><li class=\"blocks-gallery-item\"><figure><a href=\"http:\/\/www.vizyonsedir.com.tr\/wp-content\/uploads\/2020\/09\/WhatsApp-Image-2020-08-26-at-20.17.59.jpg\"><img loading=\"lazy\" width=\"300\" height=\"169\" src=\"http:\/\/www.vizyonsedir.com.tr\/wp-content\/uploads\/2020\/09\/WhatsApp-Image-2020-08-26-at-20.17.59-300x169.jpg\" alt=\"\" data-id=\"95\" data-full-url=\"http:\/\/www.vizyonsedir.com.tr\/wp-content\/uploads\/2020\/09\/WhatsApp-Image-2020-08-26-at-20.17.59.jpg\" data-link=\"http:\/\/www.vizyonsedir.com.tr\/?attachment_id=95\" class=\"wp-image-95\" srcset=\"http:\/\/www.vizyonsedir.com.tr\/wp-content\/uploads\/2020\/09\/WhatsApp-Image-2020-08-26-at-20.17.59-300x169.jpg 300w, http:\/\/www.vizyonsedir.com.tr\/wp-content\/uploads\/2020\/09\/WhatsApp-Image-2020-08-26-at-20.17.59-1024x576.jpg 1024w, http:\/\/www.vizyonsedir.com.tr\/wp-content\/uploads\/2020\/09\/WhatsApp-Image-2020-08-26-at-20.17.59-768x432.jpg 768w, http:\/\/www.vizyonsedir.com.tr\/wp-content\/uploads\/2020\/09\/WhatsApp-Image-2020-08-26-at-20.17.59-1536x864.jpg 1536w, http:\/\/www.vizyonsedir.com.tr\/wp-content\/uploads\/2020\/09\/WhatsApp-Image-2020-08-26-at-20.17.59.jpg 1600w\" sizes=\"(max-width: 300px) 100vw, 300px\" \/><\/a><\/figure><\/li><li class=\"blocks-gallery-item\"><figure><a href=\"http:\/\/www.vizyonsedir.com.tr\/wp-content\/uploads\/2020\/09\/WhatsApp-Image-2020-08-26-at-20.18.00-1.jpg\"><img loading=\"lazy\" width=\"300\" height=\"169\" src=\"http:\/\/www.vizyonsedir.com.tr\/wp-content\/uploads\/2020\/09\/WhatsApp-Image-2020-08-26-at-20.18.00-1-300x169.jpg\" alt=\"\" data-id=\"96\" data-full-url=\"http:\/\/www.vizyonsedir.com.tr\/wp-content\/uploads\/2020\/09\/WhatsApp-Image-2020-08-26-at-20.18.00-1.jpg\" data-link=\"http:\/\/www.vizyonsedir.com.tr\/?attachment_id=96\" class=\"wp-image-96\" srcset=\"http:\/\/www.vizyonsedir.com.tr\/wp-content\/uploads\/2020\/09\/WhatsApp-Image-2020-08-26-at-20.18.00-1-300x169.jpg 300w, http:\/\/www.vizyonsedir.com.tr\/wp-content\/uploads\/2020\/09\/WhatsApp-Image-2020-08-26-at-20.18.00-1-1024x576.jpg 1024w, http:\/\/www.vizyonsedir.com.tr\/wp-content\/uploads\/2020\/09\/WhatsApp-Image-2020-08-26-at-20.18.00-1-768x432.jpg 768w, http:\/\/www.vizyonsedir.com.tr\/wp-content\/uploads\/2020\/09\/WhatsApp-Image-2020-08-26-at-20.18.00-1-1536x864.jpg 1536w, http:\/\/www.vizyonsedir.com.tr\/wp-content\/uploads\/2020\/09\/WhatsApp-Image-2020-08-26-at-20.18.00-1.jpg 1600w\" sizes=\"(max-width: 300px) 100vw, 300px\" \/><\/a><\/figure><\/li><li class=\"blocks-gallery-item\"><figure><a href=\"http:\/\/www.vizyonsedir.com.tr\/wp-content\/uploads\/2020\/09\/WhatsApp-Image-2020-08-26-at-20.18.00.jpg\"><img loading=\"lazy\" width=\"300\" height=\"169\" src=\"http:\/\/www.vizyonsedir.com.tr\/wp-content\/uploads\/2020\/09\/WhatsApp-Image-2020-08-26-at-20.18.00-300x169.jpg\" alt=\"\" data-id=\"97\" data-full-url=\"http:\/\/www.vizyonsedir.com.tr\/wp-content\/uploads\/2020\/09\/WhatsApp-Image-2020-08-26-at-20.18.00.jpg\" data-link=\"http:\/\/www.vizyonsedir.com.tr\/?attachment_id=97\" class=\"wp-image-97\" srcset=\"http:\/\/www.vizyonsedir.com.tr\/wp-content\/uploads\/2020\/09\/WhatsApp-Image-2020-08-26-at-20.18.00-300x169.jpg 300w, http:\/\/www.vizyonsedir.com.tr\/wp-content\/uploads\/2020\/09\/WhatsApp-Image-2020-08-26-at-20.18.00-1024x576.jpg 1024w, http:\/\/www.vizyonsedir.com.tr\/wp-content\/uploads\/2020\/09\/WhatsApp-Image-2020-08-26-at-20.18.00-768x432.jpg 768w, http:\/\/www.vizyonsedir.com.tr\/wp-content\/uploads\/2020\/09\/WhatsApp-Image-2020-08-26-at-20.18.00-1536x864.jpg 1536w, http:\/\/www.vizyonsedir.com.tr\/wp-content\/uploads\/2020\/09\/WhatsApp-Image-2020-08-26-at-20.18.00.jpg 1600w\" sizes=\"(max-width: 300px) 100vw, 300px\" \/><\/a><\/figure><\/li><\/ul><\/figure>\n<\/div><\/div>\n","protected":false},"excerpt":{"rendered":"","protected":false},"author":1,"featured_media":0,"parent":0,"menu_order":0,"comment_status":"closed","ping_status":"closed","template":"","meta":[],"_links":{"self":[{"href":"http:\/\/www.vizyonsedir.com.tr\/index.php?rest_route=\/wp\/v2\/pages\/79"}],"collection":[{"href":"http:\/\/www.vizyonsedir.com.tr\/index.php?rest_route=\/wp\/v2\/pages"}],"about":[{"href":"http:\/\/www.vizyonsedir.com.tr\/index.php?rest_route=\/wp\/v2\/types\/page"}],"author":[{"embeddable":true,"href":"http:\/\/www.vizyonsedir.com.tr\/index.php?rest_route=\/wp\/v2\/users\/1"}],"replies":[{"embeddable":true,"href":"http:\/\/www.vizyonsedir.com.tr\/index.php?rest_route=%2Fwp%2Fv2%2Fcomments&post=79"}],"version-history":[{"count":7,"href":"http:\/\/www.vizyonsedir.com.tr\/index.php?rest_route=\/wp\/v2\/pages\/79\/revisions"}],"predecessor-version":[{"id":172,"href":"http:\/\/www.vizyonsedir.com.tr\/index.php?rest_route=\/wp\/v2\/pages\/79\/revisions\/172"}],"wp:attachment":[{"href":"http:\/\/www.vizyonsedir.com.tr\/index.php?rest_route=%2Fwp%2Fv2%2Fmedia&parent=79"}],"curies":[{"name":"wp","href":"https:\/\/api.w.org\/{rel}","templated":true}]}}